{"id":321,"date":"2021-12-04T13:54:47","date_gmt":"2021-12-04T12:54:47","guid":{"rendered":"https:\/\/kgv-meiderich-nord.de\/?page_id=321"},"modified":"2021-12-13T06:05:36","modified_gmt":"2021-12-13T05:05:36","slug":"internes","status":"publish","type":"page","link":"https:\/\/kgv-meiderich-nord.de\/?page_id=321","title":{"rendered":"Internes"},"content":{"rendered":"<style>.wp-block-kadence-column.kb-section-dir-horizontal > .kt-inside-inner-col > #kt-info-box_58b452-9c .kt-blocks-info-box-link-wrap{max-width:unset;}#kt-info-box_58b452-9c .kt-blocks-info-box-link-wrap{padding-top:var(--global-kb-spacing-xs, 1rem);padding-right:var(--global-kb-spacing-xs, 1rem);padding-bottom:var(--global-kb-spacing-xs, 1rem);padding-left:var(--global-kb-spacing-xs, 1rem);}#kt-info-box_58b452-9c .kadence-info-box-icon-container .kt-info-svg-icon, #kt-info-box_58b452-9c .kt-info-svg-icon-flip, #kt-info-box_58b452-9c .kt-blocks-info-box-number{font-size:50px;}#kt-info-box_58b452-9c .kt-blocks-info-box-media{color:#444444;border-top-width:0px;border-right-width:0px;border-bottom-width:0px;border-left-width:0px;padding-top:10px;padding-right:10px;padding-bottom:10px;padding-left:10px;}#kt-info-box_58b452-9c .kt-blocks-info-box-media-container{margin-top:0px;margin-right:15px;margin-bottom:0px;margin-left:15px;}#kt-info-box_58b452-9c .kt-blocks-info-box-link-wrap:hover .kt-blocks-info-box-media{color:#444444;}#kt-info-box_58b452-9c .kt-blocks-info-box-learnmore{background:transparent;border-width:0px 0px 0px 0px;padding-top:4px;padding-right:8px;padding-bottom:4px;padding-left:8px;margin-top:10px;margin-right:0px;margin-bottom:10px;margin-left:0px;}<\/style>\n<div id=\"kt-info-box_58b452-9c\" class=\"wp-block-kadence-infobox\"><a class=\"kt-blocks-info-box-link-wrap info-box-link kt-blocks-info-box-media-align-top kt-info-halign-center\"><div class=\"kt-blocks-info-box-media-container\"><div class=\"kt-blocks-info-box-media kt-info-media-animate-none\"><div class=\"kadence-info-box-icon-container kt-info-icon-animate-none\"><div class=\"kadence-info-box-icon-inner-container\"><span style=\"display:block;justify-content:center;align-items:center\" class=\"kt-info-svg-icon kt-info-svg-icon-fe_aperture\"><svg style=\"display:inline-block;vertical-align:middle\" viewbox=\"0 0 24 24\" height=\"50\" width=\"50\" fill=\"none\" stroke=\"currentColor\" xmlns=\"http:\/\/www.w3.org\/2000\/svg\" stroke-width=\"2\" stroke-linecap=\"round\" stroke-linejoin=\"round\" aria-hidden=\"true\"><circle cx=\"12\" cy=\"12\" r=\"10\"><\/circle><line x1=\"14.31\" y1=\"8\" x2=\"20.05\" y2=\"17.94\"><\/line><line x1=\"9.69\" y1=\"8\" x2=\"21.17\" y2=\"8\"><\/line><line x1=\"7.38\" y1=\"12\" x2=\"13.12\" y2=\"2.06\"><\/line><line x1=\"9.69\" y1=\"16\" x2=\"3.95\" y2=\"6.06\"><\/line><line x1=\"14.31\" y1=\"16\" x2=\"2.83\" y2=\"16\"><\/line><line x1=\"16.62\" y1=\"12\" x2=\"10.88\" y2=\"21.94\"><\/line><\/svg><\/span><\/div><\/div><\/div><\/div><div class=\"kt-infobox-textcontent\"><h2 class=\"kt-blocks-info-box-title\">Infos<\/h2><p class=\"kt-blocks-info-box-text\">Diese Sektion ist f\u00fcr Vereinsmitglieder .Hier stehen regelm\u00e4ssig Antr\u00e4ge und Neuerungen (Nur f\u00fcr Vereinsmitglieder des KGV Meiderich Nord e.V)<\/p><\/div><\/a><\/div>\n\n\n\n<div class=\"wp-block-columns is-layout-flex wp-container-core-columns-is-layout-9d6595d7 wp-block-columns-is-layout-flex\">\n<div class=\"wp-block-column is-layout-flow wp-block-column-is-layout-flow\">\n<p><\/p>\n\n\n\n<p class=\"has-text-align-center\"><span style=\"font-weight: 600;\">Antr\u00e4ge<\/span><\/p>\n<\/div>\n<\/div>\n\n\n\n<div class=\"wp-block-columns is-layout-flex wp-container-core-columns-is-layout-9d6595d7 wp-block-columns-is-layout-flex\">\n<div class=\"wp-block-column is-layout-flow wp-block-column-is-layout-flow\">\n<div class=\"wp-block-columns is-layout-flex wp-container-core-columns-is-layout-9d6595d7 wp-block-columns-is-layout-flex\">\n<div class=\"wp-block-column is-layout-flow wp-block-column-is-layout-flow\">\n<ul class=\"wp-block-list\"><li><a href=\"https:\/\/kgv-meiderich-nord.de\/wp-content\/uploads\/2021\/11\/Antrag_Gewaechshaus.pdf\" target=\"_blank\" rel=\"noreferrer noopener\">Gew\u00e4chshaus<\/a><\/li><li><a href=\"https:\/\/kgv-meiderich-nord.de\/wp-content\/uploads\/2021\/11\/Grillkamin-Genehmigung_neu1.pdf\" target=\"_blank\" rel=\"noreferrer noopener\">Grillkamin<\/a><\/li><li>Pergola<\/li><li><a href=\"https:\/\/kgv-meiderich-nord.de\/wp-content\/uploads\/2021\/11\/Kundigung_KGV-neu.pdf\" target=\"_blank\" rel=\"noreferrer noopener\">K\u00fcndigung<\/a><\/li><li><a href=\"https:\/\/kgv-meiderich-nord.de\/wp-content\/uploads\/2021\/11\/Antrag-scaled.jpg\" target=\"_blank\" rel=\"noreferrer noopener\">Bewerberliste<\/a><\/li><\/ul>\n<\/div>\n\n\n\n<div class=\"wp-block-column is-layout-flow wp-block-column-is-layout-flow\">\n<figure class=\"wp-block-image size-full is-style-default\"><img loading=\"lazy\" decoding=\"async\" width=\"640\" height=\"632\" src=\"https:\/\/kgv-meiderich-nord.de\/wp-content\/uploads\/2021\/12\/documents-148079_640.png\" alt=\"\" class=\"wp-image-346\" srcset=\"https:\/\/kgv-meiderich-nord.de\/wp-content\/uploads\/2021\/12\/documents-148079_640.png 640w, https:\/\/kgv-meiderich-nord.de\/wp-content\/uploads\/2021\/12\/documents-148079_640-300x296.png 300w\" sizes=\"auto, (max-width: 640px) 100vw, 640px\" \/><\/figure>\n<\/div>\n\n\n\n<div class=\"wp-block-column is-layout-flow wp-block-column-is-layout-flow\"><\/div>\n<\/div>\n<\/div>\n<\/div>\n\n\n\n<p><\/p>\n","protected":false},"excerpt":{"rendered":"<p>Antr\u00e4ge Gew\u00e4chshaus Grillkamin Pergola K\u00fcndigung Bewerberliste<\/p>\n","protected":false},"author":1,"featured_media":0,"parent":0,"menu_order":0,"comment_status":"closed","ping_status":"closed","template":"","meta":{"_EventAllDay":false,"_EventTimezone":"","_EventStartDate":"","_EventEndDate":"","_EventStartDateUTC":"","_EventEndDateUTC":"","_EventShowMap":false,"_EventShowMapLink":false,"_EventURL":"","_EventCost":"","_EventCostDescription":"","_EventCurrencySymbol":"","_EventCurrencyCode":"","_EventCurrencyPosition":"","_EventDateTimeSeparator":"","_EventTimeRangeSeparator":"","_EventOrganizerID":[],"_EventVenueID":[0],"_OrganizerEmail":"","_OrganizerPhone":"","_OrganizerWebsite":"","_VenueAddress":"","_VenueCity":"","_VenueCountry":"","_VenueProvince":"","_VenueState":"","_VenueZip":"","_VenuePhone":"","_VenueURL":"","_VenueStateProvince":"","_VenueLat":"","_VenueLng":"","_VenueShowMap":false,"_VenueShowMapLink":false,"_kadence_starter_templates_imported_post":false,"_kad_post_transparent":"","_kad_post_title":"","_kad_post_layout":"narrow","_kad_post_sidebar_id":"","_kad_post_content_style":"","_kad_post_vertical_padding":"","_kad_post_feature":"","_kad_post_feature_position":"","_kad_post_header":false,"_kad_post_footer":false,"_kad_post_classname":"","footnotes":""},"class_list":["post-321","page","type-page","status-publish","hentry"],"_links":{"self":[{"href":"https:\/\/kgv-meiderich-nord.de\/index.php?rest_route=\/wp\/v2\/pages\/321","targetHints":{"allow":["GET"]}}],"collection":[{"href":"https:\/\/kgv-meiderich-nord.de\/index.php?rest_route=\/wp\/v2\/pages"}],"about":[{"href":"https:\/\/kgv-meiderich-nord.de\/index.php?rest_route=\/wp\/v2\/types\/page"}],"author":[{"embeddable":true,"href":"https:\/\/kgv-meiderich-nord.de\/index.php?rest_route=\/wp\/v2\/users\/1"}],"replies":[{"embeddable":true,"href":"https:\/\/kgv-meiderich-nord.de\/index.php?rest_route=%2Fwp%2Fv2%2Fcomments&post=321"}],"version-history":[{"count":12,"href":"https:\/\/kgv-meiderich-nord.de\/index.php?rest_route=\/wp\/v2\/pages\/321\/revisions"}],"predecessor-version":[{"id":356,"href":"https:\/\/kgv-meiderich-nord.de\/index.php?rest_route=\/wp\/v2\/pages\/321\/revisions\/356"}],"wp:attachment":[{"href":"https:\/\/kgv-meiderich-nord.de\/index.php?rest_route=%2Fwp%2Fv2%2Fmedia&parent=321"}],"curies":[{"name":"wp","href":"https:\/\/api.w.org\/{rel}","templated":true}]}}