{"id":162,"date":"2021-11-21T14:09:08","date_gmt":"2021-11-21T13:09:08","guid":{"rendered":"https:\/\/kgv-meiderich-nord.de\/?page_id=162"},"modified":"2024-10-03T12:42:45","modified_gmt":"2024-10-03T11:42:45","slug":"ueber-uns","status":"publish","type":"page","link":"https:\/\/kgv-meiderich-nord.de\/?page_id=162","title":{"rendered":"\u00dcber uns"},"content":{"rendered":"<style>.wp-block-kadence-column.kb-section-dir-horizontal > .kt-inside-inner-col > .kt-info-box162_e71784-a8 .kt-blocks-info-box-link-wrap{max-width:unset;}.kt-info-box162_e71784-a8 .kt-blocks-info-box-link-wrap{border-top:5px solid #eeeeee;border-right:5px solid #eeeeee;border-bottom:5px solid #eeeeee;border-left:5px solid #eeeeee;border-top-left-radius:20px;border-top-right-radius:20px;border-bottom-right-radius:20px;border-bottom-left-radius:20px;background:#ffffff;padding-top:24px;padding-right:24px;padding-bottom:24px;padding-left:24px;margin-top:50px;}.kt-info-box162_e71784-a8 .kt-blocks-info-box-link-wrap:hover{background:#ffffff;}.kt-info-box162_e71784-a8 .kadence-info-box-icon-container .kt-info-svg-icon, .kt-info-box162_e71784-a8 .kt-info-svg-icon-flip, .kt-info-box162_e71784-a8 .kt-blocks-info-box-number{font-size:50px;}.kt-info-box162_e71784-a8 .kt-blocks-info-box-media{color:#444444;background:#ffffff;border-color:#eeeeee;border-radius:200px;overflow:hidden;border-top-width:5px;border-right-width:5px;border-bottom-width:5px;border-left-width:5px;padding-top:20px;padding-right:20px;padding-bottom:20px;padding-left:20px;}.kt-info-box162_e71784-a8 .kt-blocks-info-box-media-container{margin-top:-75px;margin-right:0px;margin-bottom:20px;margin-left:0px;}.kt-info-box162_e71784-a8 .kt-blocks-info-box-media .kadence-info-box-image-intrisic img{border-radius:200px;}.kt-info-box162_e71784-a8 .kt-blocks-info-box-link-wrap:hover .kt-blocks-info-box-media{color:#444444;background:#ffffff;border-color:#eeeeee;}.kt-info-box162_e71784-a8 .kt-infobox-textcontent h2.kt-blocks-info-box-title{padding-top:0px;padding-right:0px;padding-bottom:0px;padding-left:0px;margin-top:5px;margin-right:0px;margin-bottom:10px;margin-left:0px;}.kt-info-box162_e71784-a8 .kt-infobox-textcontent .kt-blocks-info-box-text{color:#555555;}.kt-info-box162_e71784-a8 .kt-blocks-info-box-learnmore{background:transparent;border-color:#555555;border-width:0px 0px 0px 0px;padding-top:4px;padding-right:8px;padding-bottom:4px;padding-left:8px;margin-top:10px;margin-right:0px;margin-bottom:10px;margin-left:0px;}.kt-info-box162_e71784-a8 .kt-blocks-info-box-link-wrap:hover .kt-blocks-info-box-learnmore,.kt-info-box162_e71784-a8 .kt-blocks-info-box-link-wrap .kt-blocks-info-box-learnmore:focus{color:#ffffff;background:#444444;border-color:#444444;}@media all and (max-width: 1024px){.kt-info-box162_e71784-a8 .kt-blocks-info-box-link-wrap{border-top:5px solid #eeeeee;border-right:5px solid #eeeeee;border-bottom:5px solid #eeeeee;border-left:5px solid #eeeeee;}}@media all and (max-width: 767px){.kt-info-box162_e71784-a8 .kt-blocks-info-box-link-wrap{border-top:5px solid #eeeeee;border-right:5px solid #eeeeee;border-bottom:5px solid #eeeeee;border-left:5px solid #eeeeee;}}<\/style>\n<div class=\"wp-block-kadence-infobox kt-info-box162_e71784-a8\"><span class=\"kt-blocks-info-box-link-wrap info-box-link kt-blocks-info-box-media-align-top kt-info-halign-center\"><div class=\"kt-blocks-info-box-media-container\"><div class=\"kt-blocks-info-box-media kt-info-media-animate-none\"><div class=\"kadence-info-box-icon-container kt-info-icon-animate-none\"><div class=\"kadence-info-box-icon-inner-container\"><span class=\"kb-svg-icon-wrap kb-svg-icon-ic_people kt-info-svg-icon\"><svg viewBox=\"0 0 8 8\"  fill=\"currentColor\" xmlns=\"http:\/\/www.w3.org\/2000\/svg\"  aria-hidden=\"true\"><path d=\"M5.5 0c-.51 0-.95.35-1.22.88.45.54.72 1.28.72 2.13 0 .29-.03.55-.09.81.19.11.38.19.59.19.83 0 1.5-.9 1.5-2s-.67-2-1.5-2zm-3 1c-.83 0-1.5.9-1.5 2s.67 2 1.5 2 1.5-.9 1.5-2-.67-2-1.5-2zm4.75 3.16c-.43.51-1.02.82-1.69.84.27.38.44.84.44 1.34v.66h2v-1.66c0-.52-.31-.97-.75-1.19zm-6.5 1c-.44.22-.75.67-.75 1.19v1.66h5v-1.66c0-.52-.31-.97-.75-1.19-.45.53-1.06.84-1.75.84s-1.3-.32-1.75-.84z\"\/><\/svg><\/span><\/div><\/div><\/div><\/div><div class=\"kt-infobox-textcontent\"><h2 class=\"kt-blocks-info-box-title\">Der Vorstand<\/h2><p class=\"kt-blocks-info-box-text\"><br> 1 Vorsitzender Andreas Klein Garten 20<br> 2 Vorsitzender <br>Schriftf\u00fchrer  <br> Kasse <br>Gartenwart <br><\/p><\/div><\/span><\/div>\n\n\n<style>.kb-row-layout-id162_820721-55 > .kt-row-column-wrap{align-content:center;}:where(.kb-row-layout-id162_820721-55 > .kt-row-column-wrap) > .wp-block-kadence-column{justify-content:center;}.kb-row-layout-id162_820721-55 > .kt-row-column-wrap{column-gap:var(--global-kb-gap-md, 2rem);row-gap:var(--global-kb-gap-md, 2rem);padding-top:var(--global-kb-spacing-sm, 1.5rem);padding-bottom:var(--global-kb-spacing-sm, 1.5rem);grid-template-columns:repeat(2, minmax(0, 1fr));}.kb-row-layout-id162_820721-55 > .kt-row-layout-overlay{opacity:0.30;}@media all and (max-width: 1024px){.kb-row-layout-id162_820721-55 > .kt-row-column-wrap{grid-template-columns:repeat(2, minmax(0, 1fr));}}@media all and (max-width: 767px){.kb-row-layout-id162_820721-55 > .kt-row-column-wrap{grid-template-columns:minmax(0, 1fr);}}<\/style><div class=\"kb-row-layout-wrap kb-row-layout-id162_820721-55 alignnone wp-block-kadence-rowlayout\"><div class=\"kt-row-column-wrap kt-has-2-columns kt-row-layout-equal kt-tab-layout-inherit kt-mobile-layout-row kt-row-valign-middle\">\n<style>.kadence-column162_9910ee-92 > .kt-inside-inner-col,.kadence-column162_9910ee-92 > .kt-inside-inner-col:before{border-top-left-radius:0px;border-top-right-radius:0px;border-bottom-right-radius:0px;border-bottom-left-radius:0px;}.kadence-column162_9910ee-92 > .kt-inside-inner-col{column-gap:var(--global-kb-gap-sm, 1rem);}.kadence-column162_9910ee-92 > .kt-inside-inner-col{flex-direction:column;}.kadence-column162_9910ee-92 > .kt-inside-inner-col > .aligncenter{width:100%;}.kadence-column162_9910ee-92 > .kt-inside-inner-col:before{opacity:0.3;}.kadence-column162_9910ee-92{position:relative;}@media all and (max-width: 1024px){.kadence-column162_9910ee-92 > .kt-inside-inner-col{flex-direction:column;justify-content:center;}}@media all and (max-width: 767px){.kadence-column162_9910ee-92 > .kt-inside-inner-col{flex-direction:column;justify-content:center;}}<\/style>\n<div class=\"wp-block-kadence-column kadence-column162_9910ee-92 inner-column-1\"><div class=\"kt-inside-inner-col\"><style>.wp-block-kadence-column.kb-section-dir-horizontal > .kt-inside-inner-col > .kt-info-box162_0dfeda-65 .kt-blocks-info-box-link-wrap{max-width:unset;}.kt-info-box162_0dfeda-65 .kt-blocks-info-box-link-wrap{border-top:5px solid #eeeeee;border-right:5px solid #eeeeee;border-bottom:5px solid #eeeeee;border-left:5px solid #eeeeee;border-top-left-radius:20px;border-top-right-radius:20px;border-bottom-right-radius:20px;border-bottom-left-radius:20px;background:#ffffff;padding-top:24px;padding-right:24px;padding-bottom:24px;padding-left:24px;margin-top:50px;}.kt-info-box162_0dfeda-65 .kt-blocks-info-box-link-wrap:hover{background:#ffffff;}.kt-info-box162_0dfeda-65 .kadence-info-box-icon-container .kt-info-svg-icon, .kt-info-box162_0dfeda-65 .kt-info-svg-icon-flip, .kt-info-box162_0dfeda-65 .kt-blocks-info-box-number{font-size:50px;}.kt-info-box162_0dfeda-65 .kt-blocks-info-box-media{color:#444444;background:#ffffff;border-color:#eeeeee;border-radius:200px;overflow:hidden;border-top-width:5px;border-right-width:5px;border-bottom-width:5px;border-left-width:5px;padding-top:20px;padding-right:20px;padding-bottom:20px;padding-left:20px;}.kt-info-box162_0dfeda-65 .kt-blocks-info-box-media-container{margin-top:-75px;margin-right:0px;margin-bottom:20px;margin-left:0px;}.kt-info-box162_0dfeda-65 .kt-blocks-info-box-media .kadence-info-box-image-intrisic img{border-radius:200px;}.kt-info-box162_0dfeda-65 .kt-blocks-info-box-link-wrap:hover .kt-blocks-info-box-media{color:#444444;background:#ffffff;border-color:#eeeeee;}.kt-info-box162_0dfeda-65 .kt-infobox-textcontent h2.kt-blocks-info-box-title{padding-top:0px;padding-right:0px;padding-bottom:0px;padding-left:0px;margin-top:5px;margin-right:0px;margin-bottom:10px;margin-left:0px;}.kt-info-box162_0dfeda-65 .kt-infobox-textcontent .kt-blocks-info-box-text{color:#555555;}.kt-info-box162_0dfeda-65 .kt-blocks-info-box-learnmore{background:transparent;border-color:#555555;border-width:0px 0px 0px 0px;padding-top:4px;padding-right:8px;padding-bottom:4px;padding-left:8px;margin-top:10px;margin-right:0px;margin-bottom:10px;margin-left:0px;}.kt-info-box162_0dfeda-65 .kt-blocks-info-box-link-wrap:hover .kt-blocks-info-box-learnmore,.kt-info-box162_0dfeda-65 .kt-blocks-info-box-link-wrap .kt-blocks-info-box-learnmore:focus{color:#ffffff;background:#444444;border-color:#444444;}@media all and (max-width: 1024px){.kt-info-box162_0dfeda-65 .kt-blocks-info-box-link-wrap{border-top:5px solid #eeeeee;border-right:5px solid #eeeeee;border-bottom:5px solid #eeeeee;border-left:5px solid #eeeeee;}}@media all and (max-width: 767px){.kt-info-box162_0dfeda-65 .kt-blocks-info-box-link-wrap{border-top:5px solid #eeeeee;border-right:5px solid #eeeeee;border-bottom:5px solid #eeeeee;border-left:5px solid #eeeeee;}}<\/style>\n<div class=\"wp-block-kadence-infobox kt-info-box162_0dfeda-65\"><span class=\"kt-blocks-info-box-link-wrap info-box-link kt-blocks-info-box-media-align-top kt-info-halign-center\"><div class=\"kt-blocks-info-box-media-container\"><div class=\"kt-blocks-info-box-media kt-info-media-animate-none\"><div class=\"kadence-info-box-icon-container kt-info-icon-animate-none\"><div class=\"kadence-info-box-icon-inner-container\"><span class=\"kb-svg-icon-wrap kb-svg-icon-fe_aperture kt-info-svg-icon\"><svg viewBox=\"0 0 24 24\"  fill=\"none\" stroke=\"currentColor\" stroke-width=\"2\" stroke-linecap=\"round\" stroke-linejoin=\"round\" xmlns=\"http:\/\/www.w3.org\/2000\/svg\"  aria-hidden=\"true\"><circle cx=\"12\" cy=\"12\" r=\"10\"\/><line x1=\"14.31\" y1=\"8\" x2=\"20.05\" y2=\"17.94\"\/><line x1=\"9.69\" y1=\"8\" x2=\"21.17\" y2=\"8\"\/><line x1=\"7.38\" y1=\"12\" x2=\"13.12\" y2=\"2.06\"\/><line x1=\"9.69\" y1=\"16\" x2=\"3.95\" y2=\"6.06\"\/><line x1=\"14.31\" y1=\"16\" x2=\"2.83\" y2=\"16\"\/><line x1=\"16.62\" y1=\"12\" x2=\"10.88\" y2=\"21.94\"\/><\/svg><\/span><\/div><\/div><\/div><\/div><div class=\"kt-infobox-textcontent\"><h2 class=\"kt-blocks-info-box-title\">Infos<\/h2><p class=\"kt-blocks-info-box-text\">Unsere sch\u00f6ne Gartenanlage des KGV Meiderich-Nord. e.V. befindet sich im Herzen von Meiderich zwischen Nombericher Stra\u00dfe und Vohwinkelstra\u00dfe. Die Anlage wird durch die Diedenhofener Stra\u00dfe in zwei H\u00e4lften geteilt und umfasst 55 G\u00e4rten, die von P\u00e4chtern aller Altersklassen bewirtschaftet werden. <br>Der Verein wurde im Jahre 1936 gegr\u00fcndet und diente w\u00e4hrend des zweiten Weltkriegs der Versorgung der B\u00fcrger mit frischen Lebensmitteln. Auch heute wird allerlei Obst und Gem\u00fcse angebaut, allerdings dient der Garten auch der Erholung der P\u00e4chter und steht als \u00f6ffentliche Gr\u00fcnanlage allen B\u00fcrgern f\u00fcr einen Besuch offen.<br><br><\/p><\/div><\/span><\/div>\n<\/div><\/div>\n\n\n<style>.kadence-column162_bebe45-9f > .kt-inside-inner-col,.kadence-column162_bebe45-9f > .kt-inside-inner-col:before{border-top-left-radius:0px;border-top-right-radius:0px;border-bottom-right-radius:0px;border-bottom-left-radius:0px;}.kadence-column162_bebe45-9f > .kt-inside-inner-col{column-gap:var(--global-kb-gap-sm, 1rem);}.kadence-column162_bebe45-9f > .kt-inside-inner-col{flex-direction:column;}.kadence-column162_bebe45-9f > .kt-inside-inner-col > .aligncenter{width:100%;}.kadence-column162_bebe45-9f > .kt-inside-inner-col:before{opacity:0.3;}.kadence-column162_bebe45-9f{position:relative;}@media all and (max-width: 1024px){.kadence-column162_bebe45-9f > .kt-inside-inner-col{flex-direction:column;justify-content:center;}}@media all and (max-width: 767px){.kadence-column162_bebe45-9f > .kt-inside-inner-col{flex-direction:column;justify-content:center;}}<\/style>\n<div class=\"wp-block-kadence-column kadence-column162_bebe45-9f inner-column-2\"><div class=\"kt-inside-inner-col\">\n<figure class=\"wp-block-image size-full\"><img loading=\"lazy\" decoding=\"async\" width=\"768\" height=\"1024\" src=\"https:\/\/kgv-meiderich-nord.de\/wp-content\/uploads\/2021\/11\/PHOTO-2021-11-20-21-17-00-15-e1637609646430.jpg\" alt=\"\" class=\"wp-image-223\" srcset=\"https:\/\/kgv-meiderich-nord.de\/wp-content\/uploads\/2021\/11\/PHOTO-2021-11-20-21-17-00-15-e1637609646430.jpg 768w, https:\/\/kgv-meiderich-nord.de\/wp-content\/uploads\/2021\/11\/PHOTO-2021-11-20-21-17-00-15-e1637609646430-225x300.jpg 225w\" sizes=\"auto, (max-width: 768px) 100vw, 768px\" \/><\/figure>\n<\/div><\/div>\n\n<\/div><\/div>","protected":false},"excerpt":{"rendered":"","protected":false},"author":1,"featured_media":0,"parent":0,"menu_order":0,"comment_status":"closed","ping_status":"closed","template":"","meta":{"_EventAllDay":false,"_EventTimezone":"","_EventStartDate":"","_EventEndDate":"","_EventStartDateUTC":"","_EventEndDateUTC":"","_EventShowMap":false,"_EventShowMapLink":false,"_EventURL":"","_EventCost":"","_EventCostDescription":"","_EventCurrencySymbol":"","_EventCurrencyCode":"","_EventCurrencyPosition":"","_EventDateTimeSeparator":"","_EventTimeRangeSeparator":"","_EventOrganizerID":[],"_EventVenueID":[],"_OrganizerEmail":"","_OrganizerPhone":"","_OrganizerWebsite":"","_VenueAddress":"","_VenueCity":"","_VenueCountry":"","_VenueProvince":"","_VenueState":"","_VenueZip":"","_VenuePhone":"","_VenueURL":"","_VenueStateProvince":"","_VenueLat":"","_VenueLng":"","_VenueShowMap":false,"_VenueShowMapLink":false,"_kadence_starter_templates_imported_post":false,"_kad_post_transparent":"","_kad_post_title":"","_kad_post_layout":"narrow","_kad_post_sidebar_id":"","_kad_post_content_style":"","_kad_post_vertical_padding":"","_kad_post_feature":"","_kad_post_feature_position":"","_kad_post_header":false,"_kad_post_footer":false,"_kad_post_classname":"","footnotes":""},"class_list":["post-162","page","type-page","status-publish","hentry"],"_links":{"self":[{"href":"https:\/\/kgv-meiderich-nord.de\/index.php?rest_route=\/wp\/v2\/pages\/162","targetHints":{"allow":["GET"]}}],"collection":[{"href":"https:\/\/kgv-meiderich-nord.de\/index.php?rest_route=\/wp\/v2\/pages"}],"about":[{"href":"https:\/\/kgv-meiderich-nord.de\/index.php?rest_route=\/wp\/v2\/types\/page"}],"author":[{"embeddable":true,"href":"https:\/\/kgv-meiderich-nord.de\/index.php?rest_route=\/wp\/v2\/users\/1"}],"replies":[{"embeddable":true,"href":"https:\/\/kgv-meiderich-nord.de\/index.php?rest_route=%2Fwp%2Fv2%2Fcomments&post=162"}],"version-history":[{"count":14,"href":"https:\/\/kgv-meiderich-nord.de\/index.php?rest_route=\/wp\/v2\/pages\/162\/revisions"}],"predecessor-version":[{"id":442,"href":"https:\/\/kgv-meiderich-nord.de\/index.php?rest_route=\/wp\/v2\/pages\/162\/revisions\/442"}],"wp:attachment":[{"href":"https:\/\/kgv-meiderich-nord.de\/index.php?rest_route=%2Fwp%2Fv2%2Fmedia&parent=162"}],"curies":[{"name":"wp","href":"https:\/\/api.w.org\/{rel}","templated":true}]}}